{"id":125,"date":"2025-05-22T17:21:42","date_gmt":"2025-05-22T15:21:42","guid":{"rendered":"https:\/\/www.luciana.es\/?page_id=125"},"modified":"2025-06-24T17:49:50","modified_gmt":"2025-06-24T15:49:50","slug":"recursos-naturales","status":"publish","type":"page","link":"https:\/\/www.luciana.es\/?page_id=125","title":{"rendered":"Recursos Naturales"},"content":{"rendered":"<p>[et_pb_section fb_built=\u00bb1&#8243; admin_label=\u00bbHeader\u00bb _builder_version=\u00bb4.27.4&#8243; use_background_color_gradient=\u00bbon\u00bb background_color_gradient_stops=\u00bb#3ca51c 0%|rgba(255,255,255,0) 3%\u00bb background_color_gradient_overlays_image=\u00bbon\u00bb background_color_gradient_start=\u00bb#000000&#8243; background_color_gradient_end=\u00bbrgba(0,0,0,0.6)\u00bb background_image=\u00bbhttps:\/\/www.luciana.es\/wp-content\/uploads\/2025\/06\/molino-scaled.jpg\u00bb custom_margin=\u00bb||||false\u00bb custom_padding=\u00bb10vw||10vw||true|false\u00bb animation_style=\u00bbfade\u00bb global_colors_info=\u00bb{}\u00bb][et_pb_row _builder_version=\u00bb4.16&#8243; max_width=\u00bb896px\u00bb min_height=\u00bb192.6px\u00bb use_custom_width=\u00bbon\u00bb custom_width_px=\u00bb700px\u00bb global_colors_info=\u00bb{}\u00bb][et_pb_column type=\u00bb4_4&#8243; _builder_version=\u00bb4.16&#8243; custom_padding=\u00bb|||\u00bb global_colors_info=\u00bb{}\u00bb custom_padding__hover=\u00bb|||\u00bb][et_pb_text _builder_version=\u00bb4.16&#8243; text_font=\u00bb||||||||\u00bb header_font=\u00bbPlayfair Display|700|||||||\u00bb header_font_size=\u00bb48px\u00bb header_line_height=\u00bb1.5em\u00bb header_3_font=\u00bbRubik|500||on|||||\u00bb header_3_text_color=\u00bb#098cf2&#8243; header_3_font_size=\u00bb14px\u00bb header_3_letter_spacing=\u00bb2px\u00bb header_3_line_height=\u00bb2em\u00bb text_orientation=\u00bbcenter\u00bb background_layout=\u00bbdark\u00bb min_height=\u00bb136px\u00bb header_font_size_tablet=\u00bb38px\u00bb header_font_size_phone=\u00bb28px\u00bb header_font_size_last_edited=\u00bbon|phone\u00bb global_colors_info=\u00bb{}\u00bb]<\/p>\n<h3><\/h3>\n<h1><\/h1>\n<p>[\/et_pb_text][\/et_pb_column][\/et_pb_row][\/et_pb_section][et_pb_section fb_built=\u00bb1&#8243; admin_label=\u00bbAbout\u00bb _builder_version=\u00bb4.16&#8243; min_height=\u00bb1207.2px\u00bb custom_padding=\u00bb||73px|||\u00bb global_colors_info=\u00bb{}\u00bb][et_pb_row _builder_version=\u00bb4.27.4&#8243; animation_style=\u00bbbounce\u00bb global_colors_info=\u00bb{}\u00bb][et_pb_column type=\u00bb4_4&#8243; _builder_version=\u00bb4.16&#8243; custom_padding=\u00bb|||\u00bb global_colors_info=\u00bb{}\u00bb custom_padding__hover=\u00bb|||\u00bb][et_pb_text _builder_version=\u00bb4.27.4&#8243; text_font=\u00bb||||||||\u00bb text_font_size=\u00bb15px\u00bb text_line_height=\u00bb2em\u00bb header_font=\u00bb||||||||\u00bb header_2_font=\u00bbAdamina|700|||||||\u00bb header_2_font_size=\u00bb42px\u00bb header_2_line_height=\u00bb1.5em\u00bb header_3_font=\u00bbRubik|500||on|||||\u00bb header_3_text_color=\u00bb#098cf2&#8243; header_3_font_size=\u00bb14px\u00bb header_3_letter_spacing=\u00bb2px\u00bb header_3_line_height=\u00bb2em\u00bb max_width=\u00bb993px\u00bb text_font_size_tablet=\u00bb\u00bb text_font_size_phone=\u00bb14px\u00bb text_font_size_last_edited=\u00bbon|phone\u00bb header_2_font_size_tablet=\u00bb32px\u00bb header_2_font_size_phone=\u00bb22px\u00bb header_2_font_size_last_edited=\u00bbon|phone\u00bb locked=\u00bboff\u00bb global_colors_info=\u00bb{}\u00bb]<\/p>\n<h3><span style=\"color: #0c71c3;\">ayuntamiento de luciana<\/span><\/h3>\n<h2>Recursos Naturales<\/h2>\n<p>[\/et_pb_text][\/et_pb_column][\/et_pb_row][et_pb_row _builder_version=\u00bb4.27.4&#8243; custom_margin=\u00bb-47px|auto||auto||\u00bb animation_style=\u00bbslide\u00bb global_colors_info=\u00bb{}\u00bb][et_pb_column type=\u00bb4_4&#8243; _builder_version=\u00bb4.16&#8243; custom_padding=\u00bb|||\u00bb global_colors_info=\u00bb{}\u00bb custom_padding__hover=\u00bb|||\u00bb][et_pb_text _builder_version=\u00bb4.27.4&#8243; text_font=\u00bb||||||||\u00bb text_font_size=\u00bb15px\u00bb text_line_height=\u00bb2em\u00bb custom_padding=\u00bb44px||0px|||\u00bb text_font_size_tablet=\u00bb\u00bb text_font_size_phone=\u00bb14px\u00bb text_font_size_last_edited=\u00bbon|phone\u00bb locked=\u00bboff\u00bb global_colors_info=\u00bb{}\u00bb]<\/p>\n<p style=\"text-align: justify;\">Limita al norte con el t\u00e9rmino municipal de Piedrabuena; al sur con el de Aben\u00f3jar; al este con el de Los Pozuelos de Calatrava; y al oeste con los de Saceruela y Puebla de Don Rodrigo.<\/p>\n<p style=\"text-align: justify;\">Situada a 38 km de Ciudad Real, incide en el trazado de la carretera N-430, de Valencia a Badajoz, \u00fanica v\u00eda de acceso que cruza por el centro de su casco urbano y atraviesa de E. a O. su t\u00e9rmino municipal, asimismo existen accesos desde las localidades de Aben\u00f3jar y Los Pozuelos de Calatrava a trav\u00e9s de caminos vecinales asfaltados en parte.<\/p>\n<p style=\"text-align: justify;\">En Luciana confluyen los r\u00edos Guadiana y Bullaque, dando un paseo desde el pueblo se puede disfrutar de este bonito paisaje que invita a realizar largos y solitarios paseos; la abundante vegetaci\u00f3n y aire limpio, obligan a purificar el organismo de poluci\u00f3n y malos ambientes.<\/p>\n<p>[\/et_pb_text][\/et_pb_column][\/et_pb_row][et_pb_row _builder_version=\u00bb4.16&#8243; global_colors_info=\u00bb{}\u00bb][et_pb_column type=\u00bb4_4&#8243; _builder_version=\u00bb4.16&#8243; custom_padding=\u00bb|||\u00bb global_colors_info=\u00bb{}\u00bb custom_padding__hover=\u00bb|||\u00bb][et_pb_gallery gallery_ids=\u00bb1349,1345,1344,1343,1342,1341,1340,1339,1337,1336,1335,1333,1332,1331,1330,1327,1326,1324,1323,1321,1320,1319,1318,1309&#8243; show_title_and_caption=\u00bboff\u00bb _builder_version=\u00bb4.27.4&#8243; _module_preset=\u00bbdefault\u00bb min_height=\u00bb229.6px\u00bb global_colors_info=\u00bb{}\u00bb][\/et_pb_gallery][\/et_pb_column][\/et_pb_row][\/et_pb_section]<\/p>\n","protected":false},"excerpt":{"rendered":"<p>ayuntamiento de luciana Recursos NaturalesLimita al norte con el t\u00e9rmino municipal de Piedrabuena; al sur con el de Aben\u00f3jar; al este con el de Los Pozuelos de Calatrava; y al oeste con los de Saceruela y Puebla de Don Rodrigo. Situada a 38 km de Ciudad Real, incide en el trazado de la carretera N-430, [&hellip;]<\/p>\n","protected":false},"author":1,"featured_media":0,"parent":0,"menu_order":0,"comment_status":"closed","ping_status":"closed","template":"","meta":{"_et_pb_use_builder":"on","_et_pb_old_content":"<!-- wp:divi\/placeholder \/-->","_et_gb_content_width":"","footnotes":""},"class_list":["post-125","page","type-page","status-publish","hentry"],"_links":{"self":[{"href":"https:\/\/www.luciana.es\/index.php?rest_route=\/wp\/v2\/pages\/125","targetHints":{"allow":["GET"]}}],"collection":[{"href":"https:\/\/www.luciana.es\/index.php?rest_route=\/wp\/v2\/pages"}],"about":[{"href":"https:\/\/www.luciana.es\/index.php?rest_route=\/wp\/v2\/types\/page"}],"author":[{"embeddable":true,"href":"https:\/\/www.luciana.es\/index.php?rest_route=\/wp\/v2\/users\/1"}],"replies":[{"embeddable":true,"href":"https:\/\/www.luciana.es\/index.php?rest_route=%2Fwp%2Fv2%2Fcomments&post=125"}],"version-history":[{"count":13,"href":"https:\/\/www.luciana.es\/index.php?rest_route=\/wp\/v2\/pages\/125\/revisions"}],"predecessor-version":[{"id":1418,"href":"https:\/\/www.luciana.es\/index.php?rest_route=\/wp\/v2\/pages\/125\/revisions\/1418"}],"wp:attachment":[{"href":"https:\/\/www.luciana.es\/index.php?rest_route=%2Fwp%2Fv2%2Fmedia&parent=125"}],"curies":[{"name":"wp","href":"https:\/\/api.w.org\/{rel}","templated":true}]}}