{"id":23,"date":"2025-05-19T15:48:03","date_gmt":"2025-05-19T13:48:03","guid":{"rendered":"https:\/\/www.luciana.es\/?page_id=23"},"modified":"2025-08-01T20:21:45","modified_gmt":"2025-08-01T18:21:45","slug":"telefonos-de-interes","status":"publish","type":"page","link":"https:\/\/www.luciana.es\/?page_id=23","title":{"rendered":"Tel\u00e9fonos y Enlaces de Inter\u00e9s"},"content":{"rendered":"<p>[et_pb_section fb_built=\u00bb1&#8243; admin_label=\u00bbHeader\u00bb _builder_version=\u00bb4.27.4&#8243; use_background_color_gradient=\u00bbon\u00bb background_color_gradient_stops=\u00bb#3552e0 3%|rgba(255,255,255,0) 22%\u00bb background_color_gradient_overlays_image=\u00bbon\u00bb background_color_gradient_start=\u00bb#000000&#8243; background_color_gradient_end=\u00bbrgba(0,0,0,0.6)\u00bb background_image=\u00bbhttps:\/\/www.luciana.es\/wp-content\/uploads\/2025\/06\/IMG_20190127_173241-scaled.jpg\u00bb custom_margin=\u00bb||||false\u00bb custom_padding=\u00bb10vw||10vw||true|false\u00bb global_colors_info=\u00bb{}\u00bb][et_pb_row _builder_version=\u00bb4.16&#8243; max_width=\u00bb896px\u00bb min_height=\u00bb192.6px\u00bb use_custom_width=\u00bbon\u00bb custom_width_px=\u00bb700px\u00bb global_colors_info=\u00bb{}\u00bb][et_pb_column type=\u00bb4_4&#8243; _builder_version=\u00bb4.16&#8243; custom_padding=\u00bb|||\u00bb global_colors_info=\u00bb{}\u00bb custom_padding__hover=\u00bb|||\u00bb][et_pb_text _builder_version=\u00bb4.16&#8243; text_font=\u00bb||||||||\u00bb header_font=\u00bbPlayfair Display|700|||||||\u00bb header_font_size=\u00bb48px\u00bb header_line_height=\u00bb1.5em\u00bb header_3_font=\u00bbRubik|500||on|||||\u00bb header_3_text_color=\u00bb#098cf2&#8243; header_3_font_size=\u00bb14px\u00bb header_3_letter_spacing=\u00bb2px\u00bb header_3_line_height=\u00bb2em\u00bb text_orientation=\u00bbcenter\u00bb background_layout=\u00bbdark\u00bb min_height=\u00bb136px\u00bb header_font_size_tablet=\u00bb38px\u00bb header_font_size_phone=\u00bb28px\u00bb header_font_size_last_edited=\u00bbon|phone\u00bb global_colors_info=\u00bb{}\u00bb][\/et_pb_text][\/et_pb_column][\/et_pb_row][\/et_pb_section][et_pb_section fb_built=\u00bb1&#8243; admin_label=\u00bbAbout\u00bb _builder_version=\u00bb4.27.4&#8243; min_height=\u00bb1742.1px\u00bb custom_padding=\u00bb||300px|||\u00bb global_colors_info=\u00bb{}\u00bb][et_pb_row _builder_version=\u00bb4.16&#8243; global_colors_info=\u00bb{}\u00bb][et_pb_column type=\u00bb4_4&#8243; _builder_version=\u00bb4.16&#8243; custom_padding=\u00bb|||\u00bb global_colors_info=\u00bb{}\u00bb custom_padding__hover=\u00bb|||\u00bb][et_pb_text _builder_version=\u00bb4.27.4&#8243; text_font=\u00bb||||||||\u00bb text_font_size=\u00bb15px\u00bb text_line_height=\u00bb2em\u00bb header_font=\u00bb||||||||\u00bb header_2_font=\u00bbAdamina|700|||||||\u00bb header_2_font_size=\u00bb42px\u00bb header_2_line_height=\u00bb1.5em\u00bb header_3_font=\u00bbRubik|500||on|||||\u00bb header_3_text_color=\u00bb#098cf2&#8243; header_3_font_size=\u00bb14px\u00bb header_3_letter_spacing=\u00bb2px\u00bb header_3_line_height=\u00bb2em\u00bb max_width=\u00bb993px\u00bb text_font_size_tablet=\u00bb\u00bb text_font_size_phone=\u00bb14px\u00bb text_font_size_last_edited=\u00bbon|phone\u00bb header_2_font_size_tablet=\u00bb32px\u00bb header_2_font_size_phone=\u00bb22px\u00bb header_2_font_size_last_edited=\u00bbon|phone\u00bb locked=\u00bboff\u00bb global_colors_info=\u00bb{}\u00bb]<\/p>\n<h3><span style=\"color: #0c71c3;\">AYUNTAMIENTO DE LUCIANA<\/span><\/h3>\n<h2>Tel\u00e9fonos y Enlaces de Inter\u00e9s<\/h2>\n<p>[\/et_pb_text][\/et_pb_column][\/et_pb_row][et_pb_row column_structure=\u00bb1_2,1_2&#8243; _builder_version=\u00bb4.27.4&#8243; _module_preset=\u00bbdefault\u00bb global_colors_info=\u00bb{}\u00bb][et_pb_column type=\u00bb1_2&#8243; _builder_version=\u00bb4.27.4&#8243; _module_preset=\u00bbdefault\u00bb global_colors_info=\u00bb{}\u00bb][et_pb_text _builder_version=\u00bb4.27.4&#8243; _module_preset=\u00bbdefault\u00bb animation_style=\u00bbfold\u00bb global_colors_info=\u00bb{}\u00bb]<\/p>\n<div class=\"wp-block-column is-layout-flow wp-block-column-is-layout-flow\"><\/div>\n<h3 class=\"wp-block-column is-layout-flow wp-block-column-is-layout-flow\">Ayuntamiento de Luciana<\/h3>\n<div class=\"wp-block-column is-layout-flow wp-block-column-is-layout-flow\">\n<h6>Contacto: 926 76 90 01<\/h6>\n<p>&nbsp;<\/p>\n<\/div>\n<p>&nbsp;<\/p>\n<h3>Centro m\u00e9dico\/Urgencias de Luciana<\/h3>\n<div class=\"wp-block-columns is-layout-flex wp-container-core-columns-layout-2 wp-block-columns-is-layout-flex\">\n<div class=\"wp-block-column is-layout-flow wp-block-column-is-layout-flow\">\n<h6>Contacto: 926 78 30 60<\/h6>\n<p>\u00a0<span style=\"font-size: 14px;\">\u00a0<\/span><\/p>\n<\/div>\n<\/div>\n<div class=\"wp-block-columns is-layout-flex wp-container-core-columns-layout-3 wp-block-columns-is-layout-flex\">\n<div class=\"wp-block-column is-layout-flow wp-block-column-is-layout-flow\">\n<h6><span style=\"font-size: 14px; color: #666666;\"><\/span><\/h6>\n<h6><span style=\"font-size: 14px; color: #666666;\"><\/span><\/h6>\n<h3>Hospital de Ciudad Real<\/h3>\n<\/div>\n<\/div>\n<div class=\"wp-block-columns is-layout-flex wp-container-core-columns-layout-4 wp-block-columns-is-layout-flex\">\n<div class=\"wp-block-column is-layout-flow wp-block-column-is-layout-flow\">\n<h6><span style=\"font-size: 14px;\"><\/span>Contacto: 926 78 80 00<\/h6>\n<p>&nbsp;<\/p>\n<\/div>\n<\/div>\n<div class=\"wp-block-columns is-layout-flex wp-container-core-columns-layout-5 wp-block-columns-is-layout-flex\">\n<div class=\"wp-block-column is-layout-flow wp-block-column-is-layout-flow\">\n<h3>Colegio P\u00fablico Isabel la Cat\u00f3lica<\/h3>\n<h6><span style=\"font-size: 14px;\"><\/span>Contacto: 926 76 90 23<\/h6>\n<p>&nbsp;<\/p>\n<\/div>\n<\/div>\n<div class=\"wp-block-columns is-layout-flex wp-container-core-columns-layout-6 wp-block-columns-is-layout-flex\">\n<div class=\"wp-block-column is-layout-flow wp-block-column-is-layout-flow\">\n<h3>Guardia Civil<\/h3>\n<h6><span style=\"font-size: 14px;\"><\/span>Contacto: 926 78 00 08<\/h6>\n<p>&nbsp;<\/p>\n<\/div>\n<\/div>\n<div class=\"wp-block-columns is-layout-flex wp-container-core-columns-layout-7 wp-block-columns-is-layout-flex\">\n<div class=\"wp-block-column is-layout-flow wp-block-column-is-layout-flow\">\n<h3>Intervenci\u00f3n de Armas<\/h3>\n<h6><span style=\"font-size: 14px;\"><\/span>Contacto: 926 22 11 80 Ext: 219<\/h6>\n<\/div>\n<\/div>\n<p>[\/et_pb_text][\/et_pb_column][et_pb_column type=\u00bb1_2&#8243; _builder_version=\u00bb4.27.4&#8243; _module_preset=\u00bbdefault\u00bb global_colors_info=\u00bb{}\u00bb][et_pb_text _builder_version=\u00bb4.27.4&#8243; _module_preset=\u00bbdefault\u00bb animation_style=\u00bbfold\u00bb global_colors_info=\u00bb{}\u00bb]<\/p>\n<div class=\"wp-block-columns is-layout-flex wp-container-core-columns-layout-9 wp-block-columns-is-layout-flex\">\n<div class=\"wp-block-column is-layout-flow wp-block-column-is-layout-flow\">\n<h3>Policia Nacional (Ciudad Real)<\/h3>\n<h6><span style=\"font-size: 14px;\"><\/span>Contacto: 926 27 79 00<\/h6>\n<p>&nbsp;<\/p>\n<\/div>\n<\/div>\n<div class=\"wp-block-columns is-layout-flex wp-container-core-columns-layout-10 wp-block-columns-is-layout-flex\">\n<div class=\"wp-block-column is-layout-flow wp-block-column-is-layout-flow\">\n<h3>Emaser<\/h3>\n<h3><span style=\"font-size: 16px;\">Contacto: 926 21 57 13<\/span><\/h3>\n<h3><span style=\"font-size: 22px;\"><\/span><\/h3>\n<h3><span style=\"font-size: 22px;\"><\/span><\/h3>\n<h3><span style=\"font-size: 22px;\">Emaser Aver\u00edas<\/span><\/h3>\n<\/div>\n<\/div>\n<div class=\"wp-block-columns is-layout-flex wp-container-core-columns-layout-11 wp-block-columns-is-layout-flex\">\n<div class=\"wp-block-column is-layout-flow wp-block-column-is-layout-flow\">\n<h3><span style=\"font-size: 16px;\">Contacto: 664 249 573 \u00f3 664 279 568\u00a0<\/span><\/h3>\n<p><span style=\"font-size: 16px;\"><\/span><\/p>\n<\/div>\n<div class=\"wp-block-column is-layout-flow wp-block-column-is-layout-flow\">\n<p>&nbsp;<\/p>\n<\/div>\n<\/div>\n<div class=\"wp-block-columns is-layout-flex wp-container-core-columns-layout-13 wp-block-columns-is-layout-flex\">\n<div class=\"wp-block-column is-layout-flow wp-block-column-is-layout-flow\">\n<p>&nbsp;<\/p>\n<\/div>\n<\/div>\n<div class=\"wp-block-columns is-layout-flex wp-container-core-columns-layout-14 wp-block-columns-is-layout-flex\">\n<div class=\"wp-block-column is-layout-flow wp-block-column-is-layout-flow\">\n<h3>Oficina de Empleo Piedrabuena<\/h3>\n<h3><span style=\"font-size: 14px;\">Contacto: 926 76 02 48<\/span><\/h3>\n<p><span style=\"font-size: 14px;\"><\/span><\/p>\n<p><span style=\"font-size: 14px;\"><\/span><\/p>\n<\/div>\n<div class=\"wp-block-column is-layout-flow wp-block-column-is-layout-flow\">\n<p>&nbsp;<\/p>\n<\/div>\n<\/div>\n<div class=\"wp-block-columns is-layout-flex wp-container-core-columns-layout-15 wp-block-columns-is-layout-flex\">\n<div class=\"wp-block-column is-layout-flow wp-block-column-is-layout-flow\">\n<h3>Informaci\u00f3n y Atenci\u00f3n sobre Los Derechos de las Mujeres<\/h3>\n<h3><span style=\"font-size: 14px;\">Contacto: 900 19 10 10<\/span><\/h3>\n<p><span style=\"font-size: 14px;\"><\/span><\/p>\n<h3>Diputaci\u00f3n de Ciudad Real<\/h3>\n<h3><span style=\"font-size: 14px;\">Contacto: 926 29 25 75<\/span><\/h3>\n<p><span style=\"font-size: 14px;\"><\/span><\/p>\n<p><span style=\"font-size: 14px;\"><\/span><\/p>\n<\/div>\n<\/div>\n<p>[\/et_pb_text][\/et_pb_column][\/et_pb_row][et_pb_row _builder_version=\u00bb4.16&#8243; global_colors_info=\u00bb{}\u00bb][et_pb_column type=\u00bb4_4&#8243; _builder_version=\u00bb4.16&#8243; custom_padding=\u00bb|||\u00bb global_colors_info=\u00bb{}\u00bb custom_padding__hover=\u00bb|||\u00bb][et_pb_text _builder_version=\u00bb4.27.4&#8243; text_font=\u00bb||||||||\u00bb text_font_size=\u00bb15px\u00bb text_line_height=\u00bb2em\u00bb header_font=\u00bb||||||||\u00bb header_2_font=\u00bbAdamina|700|||||||\u00bb header_2_font_size=\u00bb37px\u00bb header_2_line_height=\u00bb1.5em\u00bb header_3_font=\u00bbRubik|500||on|||||\u00bb header_3_text_color=\u00bb#098cf2&#8243; header_3_font_size=\u00bb14px\u00bb header_3_letter_spacing=\u00bb2px\u00bb header_3_line_height=\u00bb2em\u00bb max_width=\u00bb993px\u00bb animation_style=\u00bbroll\u00bb text_font_size_tablet=\u00bb\u00bb text_font_size_phone=\u00bb14px\u00bb text_font_size_last_edited=\u00bbon|phone\u00bb header_2_font_size_tablet=\u00bb32px\u00bb header_2_font_size_phone=\u00bb22px\u00bb header_2_font_size_last_edited=\u00bbon|phone\u00bb locked=\u00bboff\u00bb global_colors_info=\u00bb{}\u00bb]<\/p>\n<h3><\/h3>\n<h2>ENLACES DE INTER\u00c9S<\/h2>\n<p>[\/et_pb_text][\/et_pb_column][\/et_pb_row][et_pb_row column_structure=\u00bb1_5,1_5,1_5,1_5,1_5&#8243; _builder_version=\u00bb4.27.4&#8243; _module_preset=\u00bbdefault\u00bb animation_style=\u00bbslide\u00bb global_colors_info=\u00bb{}\u00bb][et_pb_column type=\u00bb1_5&#8243; _builder_version=\u00bb4.27.4&#8243; _module_preset=\u00bbdefault\u00bb global_colors_info=\u00bb{}\u00bb][et_pb_image src=\u00bbhttps:\/\/www.luciana.es\/wp-content\/uploads\/2025\/06\/TGSS.jpg\u00bb title_text=\u00bbTGSS\u00bb url=\u00bbhttps:\/\/portal.seg-social.gob.es\/wps\/portal\/importass\/importass\u00bb url_new_window=\u00bbon\u00bb _builder_version=\u00bb4.27.4&#8243; _module_preset=\u00bbdefault\u00bb height=\u00bb140px\u00bb max_height=\u00bb140px\u00bb global_colors_info=\u00bb{}\u00bb][\/et_pb_image][\/et_pb_column][et_pb_column type=\u00bb1_5&#8243; _builder_version=\u00bb4.27.4&#8243; _module_preset=\u00bbdefault\u00bb global_colors_info=\u00bb{}\u00bb][et_pb_image src=\u00bbhttps:\/\/www.luciana.es\/wp-content\/uploads\/2025\/06\/CITA-PREVIA_DGT.bmp\u00bb title_text=\u00bbCITA-PREVIA_DGT\u00bb url=\u00bbhttps:\/\/sede.dgt.gob.es\/es\/otros-tramites\/cita-previa\/index.html\u00bb url_new_window=\u00bbon\u00bb _builder_version=\u00bb4.27.4&#8243; _module_preset=\u00bbdefault\u00bb height=\u00bb140px\u00bb max_height=\u00bb140px\u00bb global_colors_info=\u00bb{}\u00bb][\/et_pb_image][\/et_pb_column][et_pb_column type=\u00bb1_5&#8243; _builder_version=\u00bb4.27.4&#8243; _module_preset=\u00bbdefault\u00bb global_colors_info=\u00bb{}\u00bb][et_pb_image src=\u00bbhttps:\/\/www.luciana.es\/wp-content\/uploads\/2025\/06\/cita-previa-itv-300&#215;300-1.jpg\u00bb title_text=\u00bbcita-previa-itv-300&#215;300&#8243; url=\u00bbhttps:\/\/cerquoitv.com\/itv-ciudad-real\/\u00bb url_new_window=\u00bbon\u00bb _builder_version=\u00bb4.27.4&#8243; _module_preset=\u00bbdefault\u00bb height=\u00bb140px\u00bb max_height=\u00bb140px\u00bb global_colors_info=\u00bb{}\u00bb][\/et_pb_image][\/et_pb_column][et_pb_column type=\u00bb1_5&#8243; _builder_version=\u00bb4.27.4&#8243; _module_preset=\u00bbdefault\u00bb global_colors_info=\u00bb{}\u00bb][et_pb_image src=\u00bbhttps:\/\/www.luciana.es\/wp-content\/uploads\/2025\/06\/Garantia-juvenil-300&#215;184-1.jpg\u00bb title_text=\u00bbGarantia-juvenil-300&#215;184&#8243; url=\u00bbhttps:\/\/www.sepe.es\/HomeSepe\/encontrar-trabajo\/Garantia-Juvenil;jsessionid=EC363362D54CF4647B98BB9647ED9A54.prointera\u00bb url_new_window=\u00bbon\u00bb _builder_version=\u00bb4.27.4&#8243; _module_preset=\u00bbdefault\u00bb min_height=\u00bb140px\u00bb height=\u00bb140px\u00bb max_height=\u00bb140px\u00bb custom_padding=\u00bb|0px|4px|||\u00bb global_colors_info=\u00bb{}\u00bb][\/et_pb_image][\/et_pb_column][et_pb_column type=\u00bb1_5&#8243; _builder_version=\u00bb4.27.4&#8243; _module_preset=\u00bbdefault\u00bb global_colors_info=\u00bb{}\u00bb][et_pb_image src=\u00bbhttps:\/\/www.luciana.es\/wp-content\/uploads\/2025\/06\/banner-citaprevia-1.png\u00bb title_text=\u00bbbanner-citaprevia-1&#8243; url=\u00bbhttps:\/\/sanidad.castillalamancha.es\/ciudadanos\/cita-previa\u00bb url_new_window=\u00bbon\u00bb _builder_version=\u00bb4.27.4&#8243; _module_preset=\u00bbdefault\u00bb min_height=\u00bb139.5px\u00bb height=\u00bb140px\u00bb max_height=\u00bb140px\u00bb global_colors_info=\u00bb{}\u00bb][\/et_pb_image][\/et_pb_column][\/et_pb_row][et_pb_row column_structure=\u00bb1_4,1_4,1_4,1_4&#8243; _builder_version=\u00bb4.27.4&#8243; _module_preset=\u00bbdefault\u00bb animation_style=\u00bbslide\u00bb global_colors_info=\u00bb{}\u00bb][et_pb_column type=\u00bb1_4&#8243; _builder_version=\u00bb4.27.4&#8243; _module_preset=\u00bbdefault\u00bb global_colors_info=\u00bb{}\u00bb][et_pb_image src=\u00bbhttps:\/\/www.luciana.es\/wp-content\/uploads\/2025\/06\/cita-previa-sepe-1-300&#215;146-1.jpg\u00bb title_text=\u00bbcita-previa-sepe-1-300&#215;146&#8243; url=\u00bbhttps:\/\/sede.sepe.gob.es\/portalSede\/procedimientos-y-servicios\/personas\/proteccion-por-desempleo\/cita-previa\/cita-previa-solicitud.html\u00bb url_new_window=\u00bbon\u00bb _builder_version=\u00bb4.27.4&#8243; _module_preset=\u00bbdefault\u00bb height=\u00bb140px\u00bb max_height=\u00bb140px\u00bb global_colors_info=\u00bb{}\u00bb][\/et_pb_image][\/et_pb_column][et_pb_column type=\u00bb1_4&#8243; _builder_version=\u00bb4.27.4&#8243; _module_preset=\u00bbdefault\u00bb global_colors_info=\u00bb{}\u00bb][et_pb_image src=\u00bbhttps:\/\/www.luciana.es\/wp-content\/uploads\/2025\/06\/carpeta_c-768&#215;183-1.png\u00bb title_text=\u00bbcarpeta_c-768&#215;183&#8243; url=\u00bbhttps:\/\/carpetaciudadana.gob.es\/carpeta\/clave.htm\u00bb url_new_window=\u00bbon\u00bb align=\u00bbcenter\u00bb _builder_version=\u00bb4.27.4&#8243; _module_preset=\u00bbdefault\u00bb width=\u00bb100%\u00bb max_width=\u00bb100%\u00bb module_alignment=\u00bbcenter\u00bb min_height=\u00bb64px\u00bb height=\u00bb140px\u00bb max_height=\u00bb140px\u00bb custom_margin=\u00bb||41px|||\u00bb custom_padding=\u00bb0px|0px|4px|||\u00bb global_colors_info=\u00bb{}\u00bb][\/et_pb_image][\/et_pb_column][et_pb_column type=\u00bb1_4&#8243; _builder_version=\u00bb4.27.4&#8243; _module_preset=\u00bbdefault\u00bb global_colors_info=\u00bb{}\u00bb][et_pb_image src=\u00bbhttps:\/\/www.luciana.es\/wp-content\/uploads\/2025\/06\/CERES.png\u00bb title_text=\u00bbCERES\u00bb url=\u00bbhttps:\/\/www.cert.fnmt.es\/certificados\u00bb url_new_window=\u00bbon\u00bb _builder_version=\u00bb4.27.4&#8243; _module_preset=\u00bbdefault\u00bb height=\u00bb140px\u00bb max_height=\u00bb140px\u00bb global_colors_info=\u00bb{}\u00bb][\/et_pb_image][\/et_pb_column][et_pb_column type=\u00bb1_4&#8243; _builder_version=\u00bb4.27.4&#8243; _module_preset=\u00bbdefault\u00bb global_colors_info=\u00bb{}\u00bb][et_pb_image src=\u00bbhttps:\/\/www.luciana.es\/wp-content\/uploads\/2025\/06\/Logo-agencia-tributaria.jpg\u00bb title_text=\u00bbLogo-agencia-tributaria\u00bb url=\u00bbhttps:\/\/sede.agenciatributaria.gob.es\/\u00bb url_new_window=\u00bbon\u00bb _builder_version=\u00bb4.27.4&#8243; _module_preset=\u00bbdefault\u00bb height=\u00bb140px\u00bb max_height=\u00bb140px\u00bb global_colors_info=\u00bb{}\u00bb][\/et_pb_image][\/et_pb_column][\/et_pb_row][et_pb_row column_structure=\u00bb1_2,1_4,1_4&#8243; _builder_version=\u00bb4.27.4&#8243; _module_preset=\u00bbdefault\u00bb animation_style=\u00bbslide\u00bb global_colors_info=\u00bb{}\u00bb][et_pb_column type=\u00bb1_2&#8243; _builder_version=\u00bb4.27.4&#8243; _module_preset=\u00bbdefault\u00bb global_colors_info=\u00bb{}\u00bb][et_pb_image src=\u00bbhttps:\/\/www.luciana.es\/wp-content\/uploads\/2025\/06\/citaprevia-Dni-768&#215;92-1.jpg\u00bb title_text=\u00bbcitaprevia-Dni-768&#215;92&#8243; url=\u00bbhttps:\/\/www.citapreviadnie.es\/citaPreviaDni\/\u00bb url_new_window=\u00bbon\u00bb align=\u00bbcenter\u00bb _builder_version=\u00bb4.27.4&#8243; _module_preset=\u00bbdefault\u00bb height=\u00bb140px\u00bb max_height=\u00bb140px\u00bb custom_margin=\u00bb|19px|57px|||\u00bb custom_padding=\u00bb|||0px||\u00bb global_colors_info=\u00bb{}\u00bb][\/et_pb_image][et_pb_image src=\u00bbhttps:\/\/www.luciana.es\/wp-content\/uploads\/2025\/06\/Catastro-1.png\u00bb title_text=\u00bbCatastro-1&#8243; url=\u00bbhttps:\/\/www.sedecatastro.gob.es\/\u00bb url_new_window=\u00bbon\u00bb _builder_version=\u00bb4.27.4&#8243; _module_preset=\u00bbdefault\u00bb width=\u00bb97.5%\u00bb custom_padding=\u00bb|36px||||\u00bb global_colors_info=\u00bb{}\u00bb][\/et_pb_image][\/et_pb_column][et_pb_column type=\u00bb1_4&#8243; _builder_version=\u00bb4.27.4&#8243; _module_preset=\u00bbdefault\u00bb global_colors_info=\u00bb{}\u00bb][et_pb_image src=\u00bbhttps:\/\/www.luciana.es\/wp-content\/uploads\/2025\/06\/emplea.jpg\u00bb title_text=\u00bbemplea\u00bb url=\u00bbhttps:\/\/e-empleo.jccm.es\/OVI\/jsp\/index.jsp\u00bb url_new_window=\u00bbon\u00bb _builder_version=\u00bb4.27.4&#8243; _module_preset=\u00bbdefault\u00bb min_height=\u00bb84.9px\u00bb height=\u00bb140px\u00bb max_height=\u00bb140px\u00bb custom_margin=\u00bb|||-49px||\u00bb custom_padding=\u00bb||5px|||\u00bb global_colors_info=\u00bb{}\u00bb][\/et_pb_image][\/et_pb_column][et_pb_column type=\u00bb1_4&#8243; _builder_version=\u00bb4.27.4&#8243; _module_preset=\u00bbdefault\u00bb global_colors_info=\u00bb{}\u00bb][et_pb_image src=\u00bbhttps:\/\/www.luciana.es\/wp-content\/uploads\/2025\/06\/CLAVE.jpg\u00bb title_text=\u00bbCLAVE\u00bb url=\u00bbhttps:\/\/clave.gob.es\/clave-permanente\u00bb url_new_window=\u00bbon\u00bb _builder_version=\u00bb4.27.4&#8243; _module_preset=\u00bbdefault\u00bb width=\u00bb100%\u00bb min_height=\u00bb114px\u00bb height=\u00bb140px\u00bb max_height=\u00bb140px\u00bb custom_padding=\u00bb|0px|3px|||\u00bb global_colors_info=\u00bb{}\u00bb][\/et_pb_image][\/et_pb_column][\/et_pb_row][\/et_pb_section]<\/p>\n","protected":false},"excerpt":{"rendered":"<p>AYUNTAMIENTO DE LUCIANA Tel\u00e9fonos y Enlaces de Inter\u00e9s Ayuntamiento de Luciana Contacto: 926 76 90 01 &nbsp; &nbsp; Centro m\u00e9dico\/Urgencias de Luciana Contacto: 926 78 30 60 \u00a0\u00a0 Hospital de Ciudad Real Contacto: 926 78 80 00 &nbsp; Colegio P\u00fablico Isabel la Cat\u00f3lica Contacto: 926 76 90 23 &nbsp; Guardia Civil Contacto: 926 78 00 [&hellip;]<\/p>\n","protected":false},"author":1,"featured_media":0,"parent":0,"menu_order":0,"comment_status":"closed","ping_status":"closed","template":"","meta":{"_et_pb_use_builder":"on","_et_pb_old_content":"","_et_gb_content_width":"","footnotes":""},"class_list":["post-23","page","type-page","status-publish","hentry"],"_links":{"self":[{"href":"https:\/\/www.luciana.es\/index.php?rest_route=\/wp\/v2\/pages\/23","targetHints":{"allow":["GET"]}}],"collection":[{"href":"https:\/\/www.luciana.es\/index.php?rest_route=\/wp\/v2\/pages"}],"about":[{"href":"https:\/\/www.luciana.es\/index.php?rest_route=\/wp\/v2\/types\/page"}],"author":[{"embeddable":true,"href":"https:\/\/www.luciana.es\/index.php?rest_route=\/wp\/v2\/users\/1"}],"replies":[{"embeddable":true,"href":"https:\/\/www.luciana.es\/index.php?rest_route=%2Fwp%2Fv2%2Fcomments&post=23"}],"version-history":[{"count":16,"href":"https:\/\/www.luciana.es\/index.php?rest_route=\/wp\/v2\/pages\/23\/revisions"}],"predecessor-version":[{"id":1517,"href":"https:\/\/www.luciana.es\/index.php?rest_route=\/wp\/v2\/pages\/23\/revisions\/1517"}],"wp:attachment":[{"href":"https:\/\/www.luciana.es\/index.php?rest_route=%2Fwp%2Fv2%2Fmedia&parent=23"}],"curies":[{"name":"wp","href":"https:\/\/api.w.org\/{rel}","templated":true}]}}