{"id":83,"date":"2025-05-22T17:12:40","date_gmt":"2025-05-22T15:12:40","guid":{"rendered":"https:\/\/www.luciana.es\/?page_id=83"},"modified":"2025-08-01T00:29:43","modified_gmt":"2025-07-31T22:29:43","slug":"ordenanzas-municipales","status":"publish","type":"page","link":"https:\/\/www.luciana.es\/?page_id=83","title":{"rendered":"Ordenanzas Municipales"},"content":{"rendered":"<p>[et_pb_section fb_built=\u00bb1&#8243; admin_label=\u00bbHeader\u00bb _builder_version=\u00bb4.27.4&#8243; use_background_color_gradient=\u00bbon\u00bb background_color_gradient_stops=\u00bb#3552e0 0%|rgba(255,255,255,0) 14%\u00bb background_color_gradient_overlays_image=\u00bbon\u00bb background_color_gradient_start=\u00bb#000000&#8243; background_color_gradient_end=\u00bbrgba(0,0,0,0.6)\u00bb background_image=\u00bbhttps:\/\/www.luciana.es\/wp-content\/uploads\/2025\/06\/molino-scaled.jpg\u00bb background_position=\u00bbtop_center\u00bb background_vertical_offset=\u00bb23%\u00bb custom_margin=\u00bb||||false\u00bb custom_padding=\u00bb10vw||10vw||true|false\u00bb animation_style=\u00bbslide\u00bb global_colors_info=\u00bb{}\u00bb][et_pb_row _builder_version=\u00bb4.16&#8243; max_width=\u00bb896px\u00bb min_height=\u00bb192.6px\u00bb use_custom_width=\u00bbon\u00bb custom_width_px=\u00bb700px\u00bb global_colors_info=\u00bb{}\u00bb][et_pb_column type=\u00bb4_4&#8243; _builder_version=\u00bb4.16&#8243; custom_padding=\u00bb|||\u00bb global_colors_info=\u00bb{}\u00bb custom_padding__hover=\u00bb|||\u00bb][et_pb_text _builder_version=\u00bb4.16&#8243; text_font=\u00bb||||||||\u00bb header_font=\u00bbPlayfair Display|700|||||||\u00bb header_font_size=\u00bb48px\u00bb header_line_height=\u00bb1.5em\u00bb header_3_font=\u00bbRubik|500||on|||||\u00bb header_3_text_color=\u00bb#098cf2&#8243; header_3_font_size=\u00bb14px\u00bb header_3_letter_spacing=\u00bb2px\u00bb header_3_line_height=\u00bb2em\u00bb text_orientation=\u00bbcenter\u00bb background_layout=\u00bbdark\u00bb min_height=\u00bb136px\u00bb header_font_size_tablet=\u00bb38px\u00bb header_font_size_phone=\u00bb28px\u00bb header_font_size_last_edited=\u00bbon|phone\u00bb global_colors_info=\u00bb{}\u00bb][\/et_pb_text][\/et_pb_column][\/et_pb_row][\/et_pb_section][et_pb_section fb_built=\u00bb1&#8243; admin_label=\u00bbAbout\u00bb _builder_version=\u00bb4.16&#8243; min_height=\u00bb651px\u00bb custom_padding=\u00bb||0px|||\u00bb global_colors_info=\u00bb{}\u00bb][et_pb_row _builder_version=\u00bb4.16&#8243; global_colors_info=\u00bb{}\u00bb][et_pb_column type=\u00bb4_4&#8243; _builder_version=\u00bb4.16&#8243; custom_padding=\u00bb|||\u00bb global_colors_info=\u00bb{}\u00bb custom_padding__hover=\u00bb|||\u00bb][et_pb_text _builder_version=\u00bb4.27.4&#8243; text_font=\u00bb||||||||\u00bb text_font_size=\u00bb15px\u00bb text_line_height=\u00bb2em\u00bb header_font=\u00bb||||||||\u00bb header_2_font=\u00bbAdamina|700|||||||\u00bb header_2_font_size=\u00bb42px\u00bb header_2_line_height=\u00bb1.5em\u00bb header_3_font=\u00bbRubik|500||on|||||\u00bb header_3_text_color=\u00bb#098cf2&#8243; header_3_font_size=\u00bb14px\u00bb header_3_letter_spacing=\u00bb2px\u00bb header_3_line_height=\u00bb2em\u00bb max_width=\u00bb993px\u00bb animation_style=\u00bbbounce\u00bb text_font_size_tablet=\u00bb\u00bb text_font_size_phone=\u00bb14px\u00bb text_font_size_last_edited=\u00bbon|phone\u00bb header_2_font_size_tablet=\u00bb32px\u00bb header_2_font_size_phone=\u00bb22px\u00bb header_2_font_size_last_edited=\u00bbon|phone\u00bb locked=\u00bboff\u00bb global_colors_info=\u00bb{}\u00bb]<\/p>\n<h3><span style=\"color: #0c71c3;\">ayuntamiento de luciana<\/span><\/h3>\n<h2>Ordenanzas y Reglamentos Municipales<\/h2>\n<p>[\/et_pb_text][\/et_pb_column][\/et_pb_row][et_pb_row _builder_version=\u00bb4.16&#8243; global_colors_info=\u00bb{}\u00bb][et_pb_column type=\u00bb4_4&#8243; _builder_version=\u00bb4.16&#8243; custom_padding=\u00bb|||\u00bb global_colors_info=\u00bb{}\u00bb custom_padding__hover=\u00bb|||\u00bb][et_pb_toggle title=\u00bbORDENANZAS FISCALES\u00bb _builder_version=\u00bb4.27.4&#8243; _module_preset=\u00bbdefault\u00bb title_level=\u00bbh3&#8243; body_text_align=\u00bbjustify\u00bb body_font_size=\u00bb18px\u00bb body_line_height=\u00bb1em\u00bb min_height=\u00bb65px\u00bb animation_style=\u00bbslide\u00bb global_colors_info=\u00bb{}\u00bb]<\/p>\n<p><span style=\"color: #4f0000;\">01. Ordenanza Fiscal de tasa por recogida domiciliaria de basura o residuos s\u00f3lidos urbanos.<\/span><\/p>\n<p style=\"padding-left: 80px;\"><span style=\"color: #4f0000;\">&#8211; Modificaci\u00f3n de fecha 5\/12\/2023.<\/span><\/p>\n<p><span style=\"color: #4f0000;\">02. Ordenanza Fiscal de tasa por abastecimiento por agua potable.<\/span><\/p>\n<p style=\"padding-left: 80px;\"><span style=\"color: #4f0000;\">&#8211; <span style=\"font-size: 18px;\">Modificaci\u00f3n de fecha 5\/12\/2023.<\/span><\/span><\/p>\n<p><span style=\"color: #4f0000;\"><span style=\"font-size: 18px;\">03. <\/span>Ordenanza Fiscal de la tasa por el impuesto sobre veh\u00edculos de tracci\u00f3n mec\u00e1nica.<\/span><\/p>\n<p style=\"padding-left: 80px;\"><span style=\"color: #4f0000;\">&#8211; M<span style=\"font-size: 18px;\">odificaci\u00f3n de fecha 17\/01\/2019.<\/span><\/span><\/p>\n<ul><\/ul>\n<p>[\/et_pb_toggle][\/et_pb_column][\/et_pb_row][et_pb_row _builder_version=\u00bb4.16&#8243; global_colors_info=\u00bb{}\u00bb][et_pb_column type=\u00bb4_4&#8243; _builder_version=\u00bb4.16&#8243; custom_padding=\u00bb|||\u00bb global_colors_info=\u00bb{}\u00bb custom_padding__hover=\u00bb|||\u00bb][et_pb_toggle title=\u00bbORDENANZAS REGULADORAS Y REGLAMENTOS\u00bb _builder_version=\u00bb4.27.4&#8243; _module_preset=\u00bbdefault\u00bb title_level=\u00bbh3&#8243; body_font_size=\u00bb18px\u00bb body_line_height=\u00bb1.1em\u00bb animation_style=\u00bbslide\u00bb global_colors_info=\u00bb{}\u00bb]<\/p>\n<p><span style=\"color: #4f0000;\">05. Ordenanza Reguladora del precio p\u00fablico de la prestaci\u00f3n del servicio de ayuda a domicilio.<\/span><\/p>\n<p><span style=\"color: #4f0000;\">06. Ordenanza Reguladora de los espacios p\u00fablicos para fomentar y garantizar la convivencia ciudadana.<\/span><\/p>\n<p><span style=\"color: #4f0000;\">07. Ordenanza Reguladora de la tenencia de animales.<\/span><\/p>\n<p>&nbsp;<\/p>\n<p><span style=\"color: #4f0000;\"><span style=\"font-size: 18px;\">&#8211; Reglamento de funcionamiento del Servicio de Vivienda de Mayores.<\/span><\/span><\/p>\n<p><span style=\"color: #4f0000;\">&#8211; Reglamento de funcionamiento del servicio de ayuda a domicilio y de la bolsa de auxiliares de ayuda a domicilio.<\/span><\/p>\n<p><span style=\"color: #4f0000;\">&#8211; Reglamento del servicio de agua y saneamiento.<\/span><\/p>\n<p>[\/et_pb_toggle][\/et_pb_column][\/et_pb_row][\/et_pb_section]<\/p>\n","protected":false},"excerpt":{"rendered":"<p>ayuntamiento de luciana Ordenanzas y Reglamentos Municipales01. Ordenanza Fiscal de tasa por recogida domiciliaria de basura o residuos s\u00f3lidos urbanos. &#8211; Modificaci\u00f3n de fecha 5\/12\/2023. 02. Ordenanza Fiscal de tasa por abastecimiento por agua potable. &#8211; Modificaci\u00f3n de fecha 5\/12\/2023. 03. Ordenanza Fiscal de la tasa por el impuesto sobre veh\u00edculos de tracci\u00f3n mec\u00e1nica. &#8211; [&hellip;]<\/p>\n","protected":false},"author":1,"featured_media":0,"parent":0,"menu_order":0,"comment_status":"closed","ping_status":"closed","template":"","meta":{"_et_pb_use_builder":"on","_et_pb_old_content":"<!-- wp:divi\/placeholder \/-->","_et_gb_content_width":"","footnotes":""},"class_list":["post-83","page","type-page","status-publish","hentry"],"_links":{"self":[{"href":"https:\/\/www.luciana.es\/index.php?rest_route=\/wp\/v2\/pages\/83","targetHints":{"allow":["GET"]}}],"collection":[{"href":"https:\/\/www.luciana.es\/index.php?rest_route=\/wp\/v2\/pages"}],"about":[{"href":"https:\/\/www.luciana.es\/index.php?rest_route=\/wp\/v2\/types\/page"}],"author":[{"embeddable":true,"href":"https:\/\/www.luciana.es\/index.php?rest_route=\/wp\/v2\/users\/1"}],"replies":[{"embeddable":true,"href":"https:\/\/www.luciana.es\/index.php?rest_route=%2Fwp%2Fv2%2Fcomments&post=83"}],"version-history":[{"count":36,"href":"https:\/\/www.luciana.es\/index.php?rest_route=\/wp\/v2\/pages\/83\/revisions"}],"predecessor-version":[{"id":1473,"href":"https:\/\/www.luciana.es\/index.php?rest_route=\/wp\/v2\/pages\/83\/revisions\/1473"}],"wp:attachment":[{"href":"https:\/\/www.luciana.es\/index.php?rest_route=%2Fwp%2Fv2%2Fmedia&parent=83"}],"curies":[{"name":"wp","href":"https:\/\/api.w.org\/{rel}","templated":true}]}}